{"id":135,"date":"2016-05-19T12:26:36","date_gmt":"2016-05-19T12:26:36","guid":{"rendered":"http:\/\/webstilo.com\/?page_id=135"},"modified":"2016-05-25T21:55:01","modified_gmt":"2016-05-25T21:55:01","slug":"presupuesto","status":"publish","type":"page","link":"https:\/\/webstilo.com\/ca\/presupuesto\/","title":{"rendered":"Pressupost"},"content":{"rendered":"<link rel='stylesheet' id='formidable-css' href='https:\/\/webstilo.com\/wp-content\/plugins\/formidable\/css\/formidableforms.css?ver=417522' type='text\/css' media='all' \/>\n<div class=\"frm_forms  with_frm_style frm_style_formidable-style\" id=\"frm_form_5_container\" >\n<form enctype=\"multipart\/form-data\" method=\"post\" class=\"frm-show-form \" id=\"form_contact3\" >\n<div class=\"frm_form_fields \">\n<fieldset>\n<legend class=\"frm_hidden\">Presupuesto<\/legend>\r\n\r\n<div class=\"frm_fields_container\">\n<input type=\"hidden\" name=\"frm_action\" value=\"create\" \/>\n<input type=\"hidden\" name=\"form_id\" value=\"5\" \/>\n<input type=\"hidden\" name=\"frm_hide_fields_5\" id=\"frm_hide_fields_5\" value=\"\" \/>\n<input type=\"hidden\" name=\"form_key\" value=\"contact3\" \/>\n<input type=\"hidden\" name=\"item_meta[0]\" value=\"\" \/>\n<input type=\"hidden\" id=\"frm_submit_entry_5\" name=\"frm_submit_entry_5\" value=\"bd6488fca9\" \/><input type=\"hidden\" name=\"_wp_http_referer\" value=\"\/ca\/wp-json\/wp\/v2\/pages\/135\" \/><div id=\"frm_field_15_container\" class=\"frm_form_field form-field  frm_required_field frm_top_container frm_first frm_half\">\r\n    <label for=\"field_qh4icy3\" class=\"frm_primary_label\">Nombre\r\n        <span class=\"frm_required\">*<\/span>\r\n    <\/label>\r\n    <input type=\"text\" id=\"field_qh4icy3\" name=\"item_meta[15]\" value=\"\"  data-reqmsg=\"Este campo no puede estar en blanco.\" aria-required=\"true\" data-invmsg=\"Nombre is invalid\" aria-invalid=\"false\"  \/>\r\n    \r\n    \r\n<\/div>\n<div id=\"frm_field_16_container\" class=\"frm_form_field form-field  frm_required_field frm_top_container frm_half\">\r\n    <label for=\"field_ocfup12\" class=\"frm_primary_label\">Apellidos\r\n        <span class=\"frm_required\">*<\/span>\r\n    <\/label>\r\n    <input type=\"text\" id=\"field_ocfup12\" name=\"item_meta[16]\" value=\"\"  data-reqmsg=\"Este campo no puede estar en blanco.\" aria-required=\"true\" data-invmsg=\"Apellidos is invalid\" aria-invalid=\"false\"  \/>\r\n    \r\n    \r\n<\/div>\n<div id=\"frm_field_22_container\" class=\"frm_form_field form-field  frm_top_container\">\r\n    <label for=\"field_dp6hj\" class=\"frm_primary_label\">Empresa\r\n        <span class=\"frm_required\"><\/span>\r\n    <\/label>\r\n    <input type=\"text\" id=\"field_dp6hj\" name=\"item_meta[22]\" value=\"\"  data-invmsg=\"Empresa is invalid\" aria-invalid=\"false\"   aria-describedby=\"frm_desc_field_dp6hj\"\/>\r\n    <div id=\"frm_desc_field_dp6hj\" class=\"frm_description\">Nombre de su empresa<\/div>\r\n    \r\n<\/div>\n<div id=\"frm_field_17_container\" class=\"frm_form_field form-field  frm_required_field frm_top_container frm_full\">\r\n    <label for=\"field_29yf4d3\" class=\"frm_primary_label\">e-mail\r\n        <span class=\"frm_required\">*<\/span>\r\n    <\/label>\r\n    <input type=\"email\" id=\"field_29yf4d3\" name=\"item_meta[17]\" value=\"\"  data-reqmsg=\"Este campo no puede estar en blanco.\" aria-required=\"true\" data-invmsg=\"Please enter a valid email address\" aria-invalid=\"false\"   aria-describedby=\"frm_desc_field_29yf4d3\"\/>\r\n    <div id=\"frm_desc_field_29yf4d3\" class=\"frm_description\">Su direcci\u00f3n de correo electr\u00f3nico<\/div>\r\n    \r\n<\/div>\n<div id=\"frm_field_18_container\" class=\"frm_form_field form-field  frm_top_container frm_full\">\r\n    <label for=\"field_itt5me2\" class=\"frm_primary_label\">Web\r\n        <span class=\"frm_required\"><\/span>\r\n    <\/label>\r\n    <input type=\"url\" id=\"field_itt5me2\" name=\"item_meta[18]\" value=\"\"  data-invmsg=\"Please enter a valid website\" aria-invalid=\"false\"   aria-describedby=\"frm_desc_field_itt5me2\"\/>\r\n    <div id=\"frm_desc_field_itt5me2\" class=\"frm_description\">La direcci\u00f3n de su p\u00e1gina web (si la tiene)<\/div>\r\n    \r\n<\/div>\n<div id=\"frm_field_23_container\" class=\"frm_form_field form-field  frm_top_container\">\r\n    <label  class=\"frm_primary_label\">Tipo de web que desea\r\n        <span class=\"frm_required\"><\/span>\r\n    <\/label>\r\n    <div class=\"frm_opt_container\">\t\t<select name=\"item_meta[23]\" id=\"field_lyy70\"  data-frmval=\"Tienda on-line\" data-invmsg=\"Tipo de web que desea is invalid\" aria-invalid=\"false\"  >\n\t\t<option  value=\"Tienda on-line\" selected='selected'>Tienda on-line<\/option><option  value=\"Web corporativa (de empresa)\">Web corporativa (de empresa)<\/option><option  value=\"P\u00e1gina personal (o profesional)\">P\u00e1gina personal (o profesional)<\/option><option  value=\"Aplicaci\u00f3n web a medida\">Aplicaci\u00f3n web a medida<\/option><option  value=\"Mantenimiento web\">Mantenimiento web<\/option><option  value=\"Otro\">Otro<\/option>\t<\/select>\n\t<\/div>\r\n    <div id=\"frm_desc_field_lyy70\" class=\"frm_description\">Si abarca varios apartados, escoja el m\u00e1s relevante. Si no tiene claro cual es la opci\u00f3n m\u00e1s adecuada escoja \"Otro\" y use el apartado \"Informaci\u00f3n adicional\"<\/div>\r\n    \r\n<\/div>\n<div id=\"frm_field_20_container\" class=\"frm_form_field form-field  frm_top_container frm_full\">\r\n    <label for=\"field_9jv0r13\" class=\"frm_primary_label\">Informaci\u00f3n adicional\r\n        <span class=\"frm_required\"><\/span>\r\n    <\/label>\r\n    <textarea name=\"item_meta[20]\" id=\"field_9jv0r13\" rows=\"5\"  data-invmsg=\"Informaci\u00f3n adicional is invalid\" aria-invalid=\"false\"   aria-describedby=\"frm_desc_field_9jv0r13\"><\/textarea>\r\n    <div id=\"frm_desc_field_9jv0r13\" class=\"frm_description\">Cualquier informaci\u00f3n que usted crea que pueda ser relevante para realizar el presupuesto lo m\u00e1s afinado posible.<\/div>\r\n    \r\n<\/div>\n<div id=\"frm_field_21_container\" class=\"frm_form_field form-field  frm_none_container\">\r\n    <label for=\"cf-turnstile-response\" class=\"frm_primary_label\">Captcha\r\n        <span class=\"frm_required\"><\/span>\r\n    <\/label>\r\n    <div  id=\"field_62n6q33\" class=\"frm-cf-turnstile\" data-sitekey=\"0x4AAAAAAClzpkzgVTR0vie_\" data-language=\"ca\" data-size=\"normal\" data-theme=\"light\"><\/div>\r\n    \r\n    \r\n<\/div>\n<div id=\"frm_field_26_container\" class=\"frm_form_field form-field \">\n\t<div class=\"frm_submit\">\r\n\r\n<input type=\"submit\" value=\"Enviar\"  \/>\r\n<img class=\"frm_ajax_loading\" src=\"https:\/\/webstilo.com\/wp-content\/plugins\/formidable\/images\/ajax_loader.gif\" alt=\"Sending\"\/>\r\n\r\n<\/div>\n<\/div>\n\t<input type=\"hidden\" name=\"item_key\" value=\"\" \/>\n\t\t\t<div id=\"frm_field_27_container\">\n\t\t\t<label for=\"field_lvcjm\" >\n\t\t\t\tIf you are human, leave this field blank.\t\t\t<\/label>\n\t\t\t<input  id=\"field_lvcjm\" type=\"text\" class=\"frm_form_field form-field frm_verify\" name=\"item_meta[27]\" value=\"\"  \/>\n\t\t<\/div>\n\t\t<input name=\"frm_state\" type=\"hidden\" value=\"hXGSvT7bo6NHftczTwiTMfiiEzM7dpTYNWfMIIkPOJU=\" \/><\/div>\n<\/fieldset>\n<\/div>\n\n<p style=\"display: none !important;\" class=\"akismet-fields-container\" data-prefix=\"ak_\"><label>&#916;<textarea name=\"ak_hp_textarea\" cols=\"45\" rows=\"8\" maxlength=\"100\"><\/textarea><\/label><input type=\"hidden\" id=\"ak_js_1\" name=\"ak_js\" value=\"186\"\/><script type=\"text\/javascript\">\ndocument.getElementById( \"ak_js_1\" ).setAttribute( \"value\", ( new Date() ).getTime() );\n<\/script>\n<\/p><\/form>\n<\/div>\n\n","protected":false},"excerpt":{"rendered":"","protected":false},"author":1,"featured_media":0,"parent":0,"menu_order":0,"comment_status":"closed","ping_status":"closed","template":"","meta":{"footnotes":""},"translation":{"provider":"WPGlobus","version":"3.0.2","language":"ca","enabled_languages":["es","ca"],"languages":{"es":{"title":true,"content":true,"excerpt":false},"ca":{"title":true,"content":false,"excerpt":false}}},"yoast_head":"<!-- This site is optimized with the Yoast SEO plugin v22.6 - https:\/\/yoast.com\/wordpress\/plugins\/seo\/ -->\n<title>Pressupost - WebStilo.com<\/title>\n<meta name=\"description\" content=\"Demani pressupost per fer una p\u00e1gina web corporativa, una botiga on-line o qualsevol altre tipus de web. Ens adaptem a les seves necessitats.\" \/>\n<meta name=\"robots\" content=\"index, follow, max-snippet:-1, max-image-preview:large, max-video-preview:-1\" \/>\n<link rel=\"canonical\" href=\"https:\/\/webstilo.com\/presupuesto\/\" \/>\n<meta property=\"og:locale\" content=\"ca_ES\" \/>\n<meta property=\"og:type\" content=\"article\" \/>\n<meta property=\"og:title\" content=\"Pressupost - WebStilo.com\" \/>\n<meta property=\"og:description\" content=\"Demani pressupost per fer una p\u00e1gina web corporativa, una botiga on-line o qualsevol altre tipus de web. Ens adaptem a les seves necessitats.\" \/>\n<meta property=\"og:url\" content=\"https:\/\/webstilo.com\/presupuesto\/\" \/>\n<meta property=\"og:site_name\" content=\"WebStilo.com\" \/>\n<meta property=\"article:modified_time\" content=\"2016-05-25T21:55:01+00:00\" \/>\n<meta name=\"twitter:card\" content=\"summary_large_image\" \/>\n<script type=\"application\/ld+json\" class=\"yoast-schema-graph\">{\"@context\":\"https:\/\/schema.org\",\"@graph\":[{\"@type\":\"WebPage\",\"@id\":\"https:\/\/webstilo.com\/presupuesto\/\",\"url\":\"https:\/\/webstilo.com\/presupuesto\/\",\"name\":\"Pressupost - WebStilo.com\",\"isPartOf\":{\"@id\":\"https:\/\/webstilo.com\/#website\"},\"datePublished\":\"2016-05-19T12:26:36+00:00\",\"dateModified\":\"2016-05-25T21:55:01+00:00\",\"description\":\"Demani pressupost per fer una p\u00e1gina web corporativa, una botiga on-line o qualsevol altre tipus de web. Ens adaptem a les seves necessitats.\",\"breadcrumb\":{\"@id\":\"https:\/\/webstilo.com\/presupuesto\/#breadcrumb\"},\"inLanguage\":\"ca\",\"potentialAction\":[{\"@type\":\"ReadAction\",\"target\":[\"https:\/\/webstilo.com\/presupuesto\/\"]}]},{\"@type\":\"BreadcrumbList\",\"@id\":\"https:\/\/webstilo.com\/presupuesto\/#breadcrumb\",\"itemListElement\":[{\"@type\":\"ListItem\",\"position\":1,\"name\":\"Portada\",\"item\":\"https:\/\/webstilo.com\/\"},{\"@type\":\"ListItem\",\"position\":2,\"name\":\"Presupuesto\"}]},{\"@type\":\"WebSite\",\"@id\":\"https:\/\/webstilo.com\/#website\",\"url\":\"https:\/\/webstilo.com\/\",\"name\":\"WebStilo.com\",\"description\":\"Disseny i programaci\u00f3 web - e-Commerce - Manteniment web - Programaci\u00f3 a mida\",\"potentialAction\":[{\"@type\":\"SearchAction\",\"target\":{\"@type\":\"EntryPoint\",\"urlTemplate\":\"https:\/\/webstilo.com\/?s={search_term_string}\"},\"query-input\":\"required name=search_term_string\"}],\"inLanguage\":\"ca\"}]}<\/script>\n<!-- \/ Yoast SEO plugin. -->","yoast_head_json":{"title":"Pressupost - WebStilo.com","description":"Demani pressupost per fer una p\u00e1gina web corporativa, una botiga on-line o qualsevol altre tipus de web. Ens adaptem a les seves necessitats.","robots":{"index":"index","follow":"follow","max-snippet":"max-snippet:-1","max-image-preview":"max-image-preview:large","max-video-preview":"max-video-preview:-1"},"canonical":"https:\/\/webstilo.com\/presupuesto\/","og_locale":"ca_ES","og_type":"article","og_title":"Pressupost - WebStilo.com","og_description":"Demani pressupost per fer una p\u00e1gina web corporativa, una botiga on-line o qualsevol altre tipus de web. Ens adaptem a les seves necessitats.","og_url":"https:\/\/webstilo.com\/presupuesto\/","og_site_name":"WebStilo.com","article_modified_time":"2016-05-25T21:55:01+00:00","twitter_card":"summary_large_image","schema":{"@context":"https:\/\/schema.org","@graph":[{"@type":"WebPage","@id":"https:\/\/webstilo.com\/presupuesto\/","url":"https:\/\/webstilo.com\/presupuesto\/","name":"Pressupost - WebStilo.com","isPartOf":{"@id":"https:\/\/webstilo.com\/#website"},"datePublished":"2016-05-19T12:26:36+00:00","dateModified":"2016-05-25T21:55:01+00:00","description":"Demani pressupost per fer una p\u00e1gina web corporativa, una botiga on-line o qualsevol altre tipus de web. Ens adaptem a les seves necessitats.","breadcrumb":{"@id":"https:\/\/webstilo.com\/presupuesto\/#breadcrumb"},"inLanguage":"ca","potentialAction":[{"@type":"ReadAction","target":["https:\/\/webstilo.com\/presupuesto\/"]}]},{"@type":"BreadcrumbList","@id":"https:\/\/webstilo.com\/presupuesto\/#breadcrumb","itemListElement":[{"@type":"ListItem","position":1,"name":"Portada","item":"https:\/\/webstilo.com\/"},{"@type":"ListItem","position":2,"name":"Presupuesto"}]},{"@type":"WebSite","@id":"https:\/\/webstilo.com\/#website","url":"https:\/\/webstilo.com\/","name":"WebStilo.com","description":"Disseny i programaci\u00f3 web - e-Commerce - Manteniment web - Programaci\u00f3 a mida","potentialAction":[{"@type":"SearchAction","target":{"@type":"EntryPoint","urlTemplate":"https:\/\/webstilo.com\/?s={search_term_string}"},"query-input":"required name=search_term_string"}],"inLanguage":"ca"}]}},"_links":{"self":[{"href":"https:\/\/webstilo.com\/ca\/wp-json\/wp\/v2\/pages\/135"}],"collection":[{"href":"https:\/\/webstilo.com\/ca\/wp-json\/wp\/v2\/pages"}],"about":[{"href":"https:\/\/webstilo.com\/ca\/wp-json\/wp\/v2\/types\/page"}],"author":[{"embeddable":true,"href":"https:\/\/webstilo.com\/ca\/wp-json\/wp\/v2\/users\/1"}],"replies":[{"embeddable":true,"href":"https:\/\/webstilo.com\/ca\/wp-json\/wp\/v2\/comments?post=135"}],"version-history":[{"count":12,"href":"https:\/\/webstilo.com\/ca\/wp-json\/wp\/v2\/pages\/135\/revisions"}],"predecessor-version":[{"id":359,"href":"https:\/\/webstilo.com\/ca\/wp-json\/wp\/v2\/pages\/135\/revisions\/359"}],"wp:attachment":[{"href":"https:\/\/webstilo.com\/ca\/wp-json\/wp\/v2\/media?parent=135"}],"curies":[{"name":"wp","href":"https:\/\/api.w.org\/{rel}","templated":true}]}}