{"id":138,"date":"2016-05-19T12:45:24","date_gmt":"2016-05-19T12:45:24","guid":{"rendered":"http:\/\/webstilo.com\/?page_id=138"},"modified":"2016-05-29T01:26:38","modified_gmt":"2016-05-29T01:26:38","slug":"diseno-web","status":"publish","type":"page","link":"https:\/\/webstilo.com\/ca\/diseno-web\/","title":{"rendered":"Disseny web"},"content":{"rendered":"<div class=\"imatges\">\n<p style=\"text-align: center;\"><img loading=\"lazy\" decoding=\"async\" class=\"wp-image-230 size-full\" src=\"http:\/\/webstilo.com\/wp-content\/uploads\/2016\/05\/dise\u00f1o-web.png\" alt=\"DISSENY WEB\" width=\"313\" height=\"281\" srcset=\"https:\/\/webstilo.com\/wp-content\/uploads\/2016\/05\/dise\u00f1o-web.png 313w, https:\/\/webstilo.com\/wp-content\/uploads\/2016\/05\/dise\u00f1o-web-300x269.png 300w\" sizes=\"auto, (max-width: 313px) 100vw, 313px\" \/><br \/>\n<strong>Disseny web<\/strong><\/p>\n<\/div>\n<p>Dissenyem i desenvolupem p\u00e0gines web corporatives, p\u00e0gines personals, portals de not\u00edcies, blocs, portals d&#8217;anuncis, galeries de fotos, cat\u00e0legs de productes, llocs de <strong><a href=\"http:\/\/webstilo.com\/tiendas-on-line\/\">comer\u00e7 electr\u00f2nic<\/a><\/strong>, f\u00f2rums o qualsevol altre format que vost\u00e8 pugui imaginar.<\/p>\n<p>Tots els nostres dissenys s\u00f3n <strong>adaptatius<\/strong> (&#8220;responsive&#8221;) perqu\u00e8 es vegin sempre b\u00e9 en qualsevol format: PC, Mac, m\u00f2bils, tauletes, consoles, etc&#8230;<\/p>\n<p>Per descomptat, tamb\u00e9 estan optimitzades per al <strong> posicionament en cercadors<\/strong> (SEO).<\/p>\n<p>El contingut del seu web pot ser tamb\u00e9 <strong> autogestionat<\/strong>, depenent de les necessitats de cada client. En aquest cas, el propi client podr\u00e0 pujar de manera f\u00e0cil i intu\u00eftiva, continguts nous o editar els ja existents. Per exemple: Crear noves entrades amb not\u00edcies o novetats. Actualitzar galeries de fotos. Actualitzar dades en p\u00e0gines, etc&#8230;<\/p>\n<p>Enlla\u00e7 relacionat: <a href=\"http:\/\/webstilo.com\/ca\/la-mejor-plataforma-una-web-una-tienda-on-line\/\">Quina \u00e9s la millor plataforma per a una web o botiga on-line?<\/a><\/p>\n","protected":false},"excerpt":{"rendered":"<p>Disseny web Dissenyem i desenvolupem p\u00e0gines web corporatives, p\u00e0gines personals, portals de not\u00edcies, blocs, portals d&#8217;anuncis, galeries de fotos, cat\u00e0legs de productes, llocs de comer\u00e7 electr\u00f2nic, f\u00f2rums o qualsevol altre format que vost\u00e8 pugui imaginar. Tots els nostres dissenys s\u00f3n adaptatius (&#8220;responsive&#8221;) perqu\u00e8 es vegin sempre b\u00e9 en qualsevol format: PC, Mac, m\u00f2bils, tauletes, consoles, [&hellip;]<\/p>\n","protected":false},"author":1,"featured_media":0,"parent":0,"menu_order":0,"comment_status":"closed","ping_status":"closed","template":"","meta":{"footnotes":""},"class_list":["post-138","page","type-page","status-publish","hentry"],"translation":{"provider":"WPGlobus","version":"3.0.2","language":"ca","enabled_languages":["es","ca"],"languages":{"es":{"title":true,"content":true,"excerpt":false},"ca":{"title":true,"content":true,"excerpt":false}}},"yoast_head":"<!-- This site is optimized with the Yoast SEO plugin v27.5 - https:\/\/yoast.com\/product\/yoast-seo-wordpress\/ -->\n<title>Disseny web - WebStilo.com<\/title>\n<meta name=\"robots\" content=\"index, follow, max-snippet:-1, max-image-preview:large, max-video-preview:-1\" \/>\n<link rel=\"canonical\" href=\"https:\/\/webstilo.com\/diseno-web\/\" \/>\n<meta property=\"og:locale\" content=\"ca_ES\" \/>\n<meta property=\"og:type\" content=\"article\" \/>\n<meta property=\"og:title\" content=\"Disseny web - WebStilo.com\" \/>\n<meta property=\"og:url\" content=\"https:\/\/webstilo.com\/diseno-web\/\" \/>\n<meta property=\"og:site_name\" content=\"WebStilo.com\" \/>\n<meta property=\"article:modified_time\" content=\"2016-05-29T01:26:38+00:00\" \/>\n<meta property=\"og:image\" content=\"http:\/\/webstilo.com\/wp-content\/uploads\/2016\/05\/dise\u00f1o-web.png\" \/>\n<meta name=\"twitter:card\" content=\"summary_large_image\" \/>\n<meta name=\"twitter:label1\" content=\"Temps estimat de lectura\" \/>\n\t<meta name=\"twitter:data1\" content=\"2 minuts\" \/>\n<script type=\"application\/ld+json\" class=\"yoast-schema-graph\">{\"@context\":\"https:\\\/\\\/schema.org\",\"@graph\":[{\"@type\":\"WebPage\",\"@id\":\"https:\\\/\\\/webstilo.com\\\/diseno-web\\\/\",\"url\":\"https:\\\/\\\/webstilo.com\\\/diseno-web\\\/\",\"name\":\"Disseny web - WebStilo.com\",\"isPartOf\":{\"@id\":\"https:\\\/\\\/webstilo.com\\\/#website\"},\"datePublished\":\"2016-05-19T12:45:24+00:00\",\"dateModified\":\"2016-05-29T01:26:38+00:00\",\"breadcrumb\":{\"@id\":\"https:\\\/\\\/webstilo.com\\\/diseno-web\\\/#breadcrumb\"},\"inLanguage\":\"ca\",\"potentialAction\":[{\"@type\":\"ReadAction\",\"target\":[\"https:\\\/\\\/webstilo.com\\\/diseno-web\\\/\"]}]},{\"@type\":\"BreadcrumbList\",\"@id\":\"https:\\\/\\\/webstilo.com\\\/diseno-web\\\/#breadcrumb\",\"itemListElement\":[{\"@type\":\"ListItem\",\"position\":1,\"name\":\"Portada\",\"item\":\"https:\\\/\\\/webstilo.com\\\/\"},{\"@type\":\"ListItem\",\"position\":2,\"name\":\"Dise\u00f1o web\"}]},{\"@type\":\"WebSite\",\"@id\":\"https:\\\/\\\/webstilo.com\\\/#website\",\"url\":\"https:\\\/\\\/webstilo.com\\\/\",\"name\":\"WebStilo.com\",\"description\":\"Disseny i programaci\u00f3 web - e-Commerce - Manteniment web - Programaci\u00f3 a mida\",\"potentialAction\":[{\"@type\":\"SearchAction\",\"target\":{\"@type\":\"EntryPoint\",\"urlTemplate\":\"https:\\\/\\\/webstilo.com\\\/?s={search_term_string}\"},\"query-input\":{\"@type\":\"PropertyValueSpecification\",\"valueRequired\":true,\"valueName\":\"search_term_string\"}}],\"inLanguage\":\"ca\"}]}<\/script>\n<!-- \/ Yoast SEO plugin. -->","yoast_head_json":{"title":"Disseny web - WebStilo.com","robots":{"index":"index","follow":"follow","max-snippet":"max-snippet:-1","max-image-preview":"max-image-preview:large","max-video-preview":"max-video-preview:-1"},"canonical":"https:\/\/webstilo.com\/diseno-web\/","og_locale":"ca_ES","og_type":"article","og_title":"Disseny web - WebStilo.com","og_url":"https:\/\/webstilo.com\/diseno-web\/","og_site_name":"WebStilo.com","article_modified_time":"2016-05-29T01:26:38+00:00","og_image":[{"url":"http:\/\/webstilo.com\/wp-content\/uploads\/2016\/05\/dise\u00f1o-web.png","type":"","width":"","height":""}],"twitter_card":"summary_large_image","twitter_misc":{"Temps estimat de lectura":"2 minuts"},"schema":{"@context":"https:\/\/schema.org","@graph":[{"@type":"WebPage","@id":"https:\/\/webstilo.com\/diseno-web\/","url":"https:\/\/webstilo.com\/diseno-web\/","name":"Disseny web - WebStilo.com","isPartOf":{"@id":"https:\/\/webstilo.com\/#website"},"datePublished":"2016-05-19T12:45:24+00:00","dateModified":"2016-05-29T01:26:38+00:00","breadcrumb":{"@id":"https:\/\/webstilo.com\/diseno-web\/#breadcrumb"},"inLanguage":"ca","potentialAction":[{"@type":"ReadAction","target":["https:\/\/webstilo.com\/diseno-web\/"]}]},{"@type":"BreadcrumbList","@id":"https:\/\/webstilo.com\/diseno-web\/#breadcrumb","itemListElement":[{"@type":"ListItem","position":1,"name":"Portada","item":"https:\/\/webstilo.com\/"},{"@type":"ListItem","position":2,"name":"Dise\u00f1o web"}]},{"@type":"WebSite","@id":"https:\/\/webstilo.com\/#website","url":"https:\/\/webstilo.com\/","name":"WebStilo.com","description":"Disseny i programaci\u00f3 web - e-Commerce - Manteniment web - Programaci\u00f3 a mida","potentialAction":[{"@type":"SearchAction","target":{"@type":"EntryPoint","urlTemplate":"https:\/\/webstilo.com\/?s={search_term_string}"},"query-input":{"@type":"PropertyValueSpecification","valueRequired":true,"valueName":"search_term_string"}}],"inLanguage":"ca"}]}},"_links":{"self":[{"href":"https:\/\/webstilo.com\/ca\/wp-json\/wp\/v2\/pages\/138","targetHints":{"allow":["GET"]}}],"collection":[{"href":"https:\/\/webstilo.com\/ca\/wp-json\/wp\/v2\/pages"}],"about":[{"href":"https:\/\/webstilo.com\/ca\/wp-json\/wp\/v2\/types\/page"}],"author":[{"embeddable":true,"href":"https:\/\/webstilo.com\/ca\/wp-json\/wp\/v2\/users\/1"}],"replies":[{"embeddable":true,"href":"https:\/\/webstilo.com\/ca\/wp-json\/wp\/v2\/comments?post=138"}],"version-history":[{"count":54,"href":"https:\/\/webstilo.com\/ca\/wp-json\/wp\/v2\/pages\/138\/revisions"}],"predecessor-version":[{"id":406,"href":"https:\/\/webstilo.com\/ca\/wp-json\/wp\/v2\/pages\/138\/revisions\/406"}],"wp:attachment":[{"href":"https:\/\/webstilo.com\/ca\/wp-json\/wp\/v2\/media?parent=138"}],"curies":[{"name":"wp","href":"https:\/\/api.w.org\/{rel}","templated":true}]}}