{"id":142,"date":"2016-05-19T13:07:12","date_gmt":"2016-05-19T13:07:12","guid":{"rendered":"http:\/\/webstilo.com\/?page_id=142"},"modified":"2016-05-29T01:25:10","modified_gmt":"2016-05-29T01:25:10","slug":"tiendas-on-line","status":"publish","type":"page","link":"https:\/\/webstilo.com\/ca\/tiendas-on-line\/","title":{"rendered":"Botigues on-line"},"content":{"rendered":"<div class=\"imatges\">\n<p><img decoding=\"async\" loading=\"lazy\" class=\"alignnone wp-image-260 size-full\" src=\"http:\/\/webstilo.com\/wp-content\/uploads\/2016\/05\/responsive.png\" width=\"302\" height=\"281\" srcset=\"https:\/\/webstilo.com\/wp-content\/uploads\/2016\/05\/responsive.png 302w, https:\/\/webstilo.com\/wp-content\/uploads\/2016\/05\/responsive-300x279.png 300w\" sizes=\"(max-width: 302px) 100vw, 302px\" \/><br \/>\n<strong>Disseny adaptatiu<\/strong><\/p>\n<\/div>\n<p>Vendre productes a trav\u00e9s d&#8217;Internet \u00e9s una de les nostres especialitats. Treballem amb plataformes est\u00e0ndard com <strong>Magento<\/strong>, <strong>Prestashop<\/strong> i <strong>WooCommerce<\/strong> per\u00f2 tamb\u00e9 fem treballs <strong>a mida<\/strong>.<\/p>\n<p>Tant si vost\u00e8 vol vendre uns quants productes o serveis com si es tracta d&#8217;un gran projecte, nosaltres el podem assessorar.<\/p>\n<p>Estudiem cada cas en concret i ens adaptem als requisits del client.<\/p>\n<p>Enlla\u00e7 relacionat: <a href=\"http:\/\/webstilo.com\/ca\/la-mejor-plataforma-una-web-una-tienda-on-line\/\">Quina \u00e9s la millor plataforma per a una web o botiga on-line?<\/a><\/p>\n","protected":false},"excerpt":{"rendered":"<p>Disseny adaptatiu Vendre productes a trav\u00e9s d&#8217;Internet \u00e9s una de les nostres especialitats. Treballem amb plataformes est\u00e0ndard com Magento, Prestashop i WooCommerce per\u00f2 tamb\u00e9 fem treballs a mida. Tant si vost\u00e8 vol vendre uns quants productes o serveis com si es tracta d&#8217;un gran projecte, nosaltres el podem assessorar. Estudiem cada cas en concret i [&hellip;]<\/p>\n","protected":false},"author":1,"featured_media":0,"parent":0,"menu_order":0,"comment_status":"closed","ping_status":"closed","template":"","meta":{"footnotes":""},"translation":{"provider":"WPGlobus","version":"3.0.2","language":"ca","enabled_languages":["es","ca"],"languages":{"es":{"title":true,"content":true,"excerpt":false},"ca":{"title":true,"content":true,"excerpt":false}}},"yoast_head":"<!-- This site is optimized with the Yoast SEO plugin v22.6 - https:\/\/yoast.com\/wordpress\/plugins\/seo\/ -->\n<title>Botigues on-line - WebStilo.com<\/title>\n<meta name=\"description\" content=\"Especialistes en botigues on-line basades en Magento, Prestashop i WooCommerce. Creaci\u00f3 i manteniment de llocs de comer\u00e7 electr\u00f2nic de tota mena.\" \/>\n<meta name=\"robots\" content=\"index, follow, max-snippet:-1, max-image-preview:large, max-video-preview:-1\" \/>\n<link rel=\"canonical\" href=\"https:\/\/webstilo.com\/tiendas-on-line\/\" \/>\n<meta property=\"og:locale\" content=\"ca_ES\" \/>\n<meta property=\"og:type\" content=\"article\" \/>\n<meta property=\"og:title\" content=\"Botigues on-line - WebStilo.com\" \/>\n<meta property=\"og:description\" content=\"Especialistes en botigues on-line basades en Magento, Prestashop i WooCommerce. Creaci\u00f3 i manteniment de llocs de comer\u00e7 electr\u00f2nic de tota mena.\" \/>\n<meta property=\"og:url\" content=\"https:\/\/webstilo.com\/tiendas-on-line\/\" \/>\n<meta property=\"og:site_name\" content=\"WebStilo.com\" \/>\n<meta property=\"article:modified_time\" content=\"2016-05-29T01:25:10+00:00\" \/>\n<meta property=\"og:image\" content=\"http:\/\/webstilo.com\/wp-content\/uploads\/2016\/05\/responsive.png\" \/>\n<meta name=\"twitter:card\" content=\"summary_large_image\" \/>\n<meta name=\"twitter:label1\" content=\"Temps estimat de lectura\" \/>\n\t<meta name=\"twitter:data1\" content=\"1 minut\" \/>\n<script type=\"application\/ld+json\" class=\"yoast-schema-graph\">{\"@context\":\"https:\/\/schema.org\",\"@graph\":[{\"@type\":\"WebPage\",\"@id\":\"https:\/\/webstilo.com\/tiendas-on-line\/\",\"url\":\"https:\/\/webstilo.com\/tiendas-on-line\/\",\"name\":\"Botigues on-line - WebStilo.com\",\"isPartOf\":{\"@id\":\"https:\/\/webstilo.com\/#website\"},\"primaryImageOfPage\":{\"@id\":\"https:\/\/webstilo.com\/tiendas-on-line\/#primaryimage\"},\"image\":{\"@id\":\"https:\/\/webstilo.com\/tiendas-on-line\/#primaryimage\"},\"thumbnailUrl\":\"http:\/\/webstilo.com\/wp-content\/uploads\/2016\/05\/responsive.png\",\"datePublished\":\"2016-05-19T13:07:12+00:00\",\"dateModified\":\"2016-05-29T01:25:10+00:00\",\"description\":\"Especialistes en botigues on-line basades en Magento, Prestashop i WooCommerce. Creaci\u00f3 i manteniment de llocs de comer\u00e7 electr\u00f2nic de tota mena.\",\"breadcrumb\":{\"@id\":\"https:\/\/webstilo.com\/tiendas-on-line\/#breadcrumb\"},\"inLanguage\":\"ca\",\"potentialAction\":[{\"@type\":\"ReadAction\",\"target\":[\"https:\/\/webstilo.com\/tiendas-on-line\/\"]}]},{\"@type\":\"ImageObject\",\"inLanguage\":\"ca\",\"@id\":\"https:\/\/webstilo.com\/tiendas-on-line\/#primaryimage\",\"url\":\"http:\/\/webstilo.com\/wp-content\/uploads\/2016\/05\/responsive.png\",\"contentUrl\":\"http:\/\/webstilo.com\/wp-content\/uploads\/2016\/05\/responsive.png\"},{\"@type\":\"BreadcrumbList\",\"@id\":\"https:\/\/webstilo.com\/tiendas-on-line\/#breadcrumb\",\"itemListElement\":[{\"@type\":\"ListItem\",\"position\":1,\"name\":\"Portada\",\"item\":\"https:\/\/webstilo.com\/\"},{\"@type\":\"ListItem\",\"position\":2,\"name\":\"Tiendas on-line\"}]},{\"@type\":\"WebSite\",\"@id\":\"https:\/\/webstilo.com\/#website\",\"url\":\"https:\/\/webstilo.com\/\",\"name\":\"WebStilo.com\",\"description\":\"Disseny i programaci\u00f3 web - e-Commerce - Manteniment web - Programaci\u00f3 a mida\",\"potentialAction\":[{\"@type\":\"SearchAction\",\"target\":{\"@type\":\"EntryPoint\",\"urlTemplate\":\"https:\/\/webstilo.com\/?s={search_term_string}\"},\"query-input\":\"required name=search_term_string\"}],\"inLanguage\":\"ca\"}]}<\/script>\n<!-- \/ Yoast SEO plugin. -->","yoast_head_json":{"title":"Botigues on-line - WebStilo.com","description":"Especialistes en botigues on-line basades en Magento, Prestashop i WooCommerce. Creaci\u00f3 i manteniment de llocs de comer\u00e7 electr\u00f2nic de tota mena.","robots":{"index":"index","follow":"follow","max-snippet":"max-snippet:-1","max-image-preview":"max-image-preview:large","max-video-preview":"max-video-preview:-1"},"canonical":"https:\/\/webstilo.com\/tiendas-on-line\/","og_locale":"ca_ES","og_type":"article","og_title":"Botigues on-line - WebStilo.com","og_description":"Especialistes en botigues on-line basades en Magento, Prestashop i WooCommerce. Creaci\u00f3 i manteniment de llocs de comer\u00e7 electr\u00f2nic de tota mena.","og_url":"https:\/\/webstilo.com\/tiendas-on-line\/","og_site_name":"WebStilo.com","article_modified_time":"2016-05-29T01:25:10+00:00","og_image":[{"url":"http:\/\/webstilo.com\/wp-content\/uploads\/2016\/05\/responsive.png"}],"twitter_card":"summary_large_image","twitter_misc":{"Temps estimat de lectura":"1 minut"},"schema":{"@context":"https:\/\/schema.org","@graph":[{"@type":"WebPage","@id":"https:\/\/webstilo.com\/tiendas-on-line\/","url":"https:\/\/webstilo.com\/tiendas-on-line\/","name":"Botigues on-line - WebStilo.com","isPartOf":{"@id":"https:\/\/webstilo.com\/#website"},"primaryImageOfPage":{"@id":"https:\/\/webstilo.com\/tiendas-on-line\/#primaryimage"},"image":{"@id":"https:\/\/webstilo.com\/tiendas-on-line\/#primaryimage"},"thumbnailUrl":"http:\/\/webstilo.com\/wp-content\/uploads\/2016\/05\/responsive.png","datePublished":"2016-05-19T13:07:12+00:00","dateModified":"2016-05-29T01:25:10+00:00","description":"Especialistes en botigues on-line basades en Magento, Prestashop i WooCommerce. Creaci\u00f3 i manteniment de llocs de comer\u00e7 electr\u00f2nic de tota mena.","breadcrumb":{"@id":"https:\/\/webstilo.com\/tiendas-on-line\/#breadcrumb"},"inLanguage":"ca","potentialAction":[{"@type":"ReadAction","target":["https:\/\/webstilo.com\/tiendas-on-line\/"]}]},{"@type":"ImageObject","inLanguage":"ca","@id":"https:\/\/webstilo.com\/tiendas-on-line\/#primaryimage","url":"http:\/\/webstilo.com\/wp-content\/uploads\/2016\/05\/responsive.png","contentUrl":"http:\/\/webstilo.com\/wp-content\/uploads\/2016\/05\/responsive.png"},{"@type":"BreadcrumbList","@id":"https:\/\/webstilo.com\/tiendas-on-line\/#breadcrumb","itemListElement":[{"@type":"ListItem","position":1,"name":"Portada","item":"https:\/\/webstilo.com\/"},{"@type":"ListItem","position":2,"name":"Tiendas on-line"}]},{"@type":"WebSite","@id":"https:\/\/webstilo.com\/#website","url":"https:\/\/webstilo.com\/","name":"WebStilo.com","description":"Disseny i programaci\u00f3 web - e-Commerce - Manteniment web - Programaci\u00f3 a mida","potentialAction":[{"@type":"SearchAction","target":{"@type":"EntryPoint","urlTemplate":"https:\/\/webstilo.com\/?s={search_term_string}"},"query-input":"required name=search_term_string"}],"inLanguage":"ca"}]}},"_links":{"self":[{"href":"https:\/\/webstilo.com\/ca\/wp-json\/wp\/v2\/pages\/142"}],"collection":[{"href":"https:\/\/webstilo.com\/ca\/wp-json\/wp\/v2\/pages"}],"about":[{"href":"https:\/\/webstilo.com\/ca\/wp-json\/wp\/v2\/types\/page"}],"author":[{"embeddable":true,"href":"https:\/\/webstilo.com\/ca\/wp-json\/wp\/v2\/users\/1"}],"replies":[{"embeddable":true,"href":"https:\/\/webstilo.com\/ca\/wp-json\/wp\/v2\/comments?post=142"}],"version-history":[{"count":21,"href":"https:\/\/webstilo.com\/ca\/wp-json\/wp\/v2\/pages\/142\/revisions"}],"predecessor-version":[{"id":405,"href":"https:\/\/webstilo.com\/ca\/wp-json\/wp\/v2\/pages\/142\/revisions\/405"}],"wp:attachment":[{"href":"https:\/\/webstilo.com\/ca\/wp-json\/wp\/v2\/media?parent=142"}],"curies":[{"name":"wp","href":"https:\/\/api.w.org\/{rel}","templated":true}]}}