{"id":212,"date":"2016-05-21T11:58:22","date_gmt":"2016-05-21T11:58:22","guid":{"rendered":"http:\/\/webstilo.com\/?page_id=212"},"modified":"2016-05-25T21:28:58","modified_gmt":"2016-05-25T21:28:58","slug":"mantenimiento","status":"publish","type":"page","link":"https:\/\/webstilo.com\/ca\/mantenimiento\/","title":{"rendered":"Manteniment web"},"content":{"rendered":"<div class=\"imatges\">\n<p style=\"text-align: center;\"><img decoding=\"async\" class=\"alignnone wp-image-256 size-full\" src=\"http:\/\/webstilo.com\/wp-content\/uploads\/2016\/05\/proyectos.png \" width=\" 305 \" height=\" 280 \" srcset=\"https:\/\/webstilo.com\/wp-content\/uploads\/2016\/05\/proyectos.png 305w, https:\/\/webstilo.com\/wp-content\/uploads\/2016\/05\/proyectos-300x275.png 300w\" sizes=\"(max-width: 305px) 100vw, 305px\" \/><br \/>\n<strong>Manteniment web<\/strong><\/p>\n<\/div>\n<p style=\"text-align: justify;\">Una errada molt comuna \u00e9s creure que un cop acabat el web ja ens podem oblidar d&#8217;ell. La realitat \u00e9s que, sense un seguiment peri\u00f2dic, pot ser que tot el nostre esfor\u00e7 hagi servit de poc o pitjor encara, pot servir per <strong> empitjorar<\/strong> la nostra imatge. Un exemple: el nostre web pot quedar &#8220;off-line&#8221; per motius t\u00e8cnics o administratius i resulta que passen molts dies fins que alg\u00fa del nostre equip se n&#8217;adona.<\/p>\n<p style=\"text-align: justify;\">Cal tenir en compte que els servidors on est\u00e0 allotjat el nostre web s&#8217;han d&#8217;actualitzar constantment per no quedar obsolets i per &#8220;tapar&#8221; els <strong> forats de seguretat<\/strong> que cont\u00ednuament es van descobrint.<\/p>\n<p style=\"text-align: justify;\">Si no es realitzen aquestes actualitzacions la seguretat del sistema pot quedar compromesa i comen\u00e7arem a patir atacs per part de desaprensius, aprenents de hacker o fins i tot la nostra pr\u00f2pia compet\u00e8ncia. Aquests atacs poden fer-se servir per desfigurar el nostre web (per exemple penjant textos o imatges fora de lloc), per robar informaci\u00f3 o simplement per sabotejar tot el que es pugui.<\/p>\n<p style=\"text-align: justify;\">Aquestes noves actualitzacions, al seu torn, poden generar problemes d&#8217;incompatibilitat amb la nostra web que ser\u00e0 necessari corregir actualitzant el codi.<\/p>\n<h3>El nostre manteniment preventiu consisteix en:<\/h3>\n<ul>\n<li>Mantenir el lloc sempre <strong> actualitzat.<\/strong><\/li>\n<li>Fer un seguiment peri\u00f2dic de tots els serveis (web, correu, FTP, base de dades, etc).<\/li>\n<li>Gestiona les <strong> c\u00f2pies de seguretat<\/strong> per assegurar la m\u00e0xima disponibilitat.<\/li>\n<li>Realitzar un seguiment dels &#8220;logs&#8221; (registres) per detectar possibles <strong> atacs<\/strong> o intents d&#8217;atac i prendre mesures per contrarestar-los.<\/li>\n<li>Altres tasques espec\u00edfiques depenent de cada instal\u00b7laci\u00f3.<\/li>\n<\/ul>\n","protected":false},"excerpt":{"rendered":"<p>Manteniment web Una errada molt comuna \u00e9s creure que un cop acabat el web ja ens podem oblidar d&#8217;ell. La realitat \u00e9s que, sense un seguiment peri\u00f2dic, pot ser que tot el nostre esfor\u00e7 hagi servit de poc o pitjor encara, pot servir per empitjorar la nostra imatge. Un exemple: el nostre web pot quedar [&hellip;]<\/p>\n","protected":false},"author":1,"featured_media":0,"parent":0,"menu_order":0,"comment_status":"closed","ping_status":"closed","template":"","meta":{"footnotes":""},"translation":{"provider":"WPGlobus","version":"3.0.2","language":"ca","enabled_languages":["es","ca"],"languages":{"es":{"title":true,"content":true,"excerpt":false},"ca":{"title":true,"content":true,"excerpt":false}}},"yoast_head":"<!-- This site is optimized with the Yoast SEO plugin v22.6 - https:\/\/yoast.com\/wordpress\/plugins\/seo\/ -->\n<title>Manteniment web - WebStilo.com<\/title>\n<meta name=\"description\" content=\"Manteniment de llocs web. Seguretat inform\u00e0tica. C\u00f2pies de seguretat. Actualitzaci\u00f3 de Wordpress, Magento i Prestashop. Gesti\u00f3 de MySQL.\" \/>\n<meta name=\"robots\" content=\"index, follow, max-snippet:-1, max-image-preview:large, max-video-preview:-1\" \/>\n<link rel=\"canonical\" href=\"https:\/\/webstilo.com\/mantenimiento\/\" \/>\n<meta property=\"og:locale\" content=\"ca_ES\" \/>\n<meta property=\"og:type\" content=\"article\" \/>\n<meta property=\"og:title\" content=\"Manteniment web - WebStilo.com\" \/>\n<meta property=\"og:description\" content=\"Manteniment de llocs web. Seguretat inform\u00e0tica. C\u00f2pies de seguretat. Actualitzaci\u00f3 de Wordpress, Magento i Prestashop. Gesti\u00f3 de MySQL.\" \/>\n<meta property=\"og:url\" content=\"https:\/\/webstilo.com\/mantenimiento\/\" \/>\n<meta property=\"og:site_name\" content=\"WebStilo.com\" \/>\n<meta property=\"article:modified_time\" content=\"2016-05-25T21:28:58+00:00\" \/>\n<meta property=\"og:image\" content=\"http:\/\/webstilo.com\/wp-content\/uploads\/2016\/05\/proyectos.png\" \/>\n<meta name=\"twitter:card\" content=\"summary_large_image\" \/>\n<meta name=\"twitter:label1\" content=\"Temps estimat de lectura\" \/>\n\t<meta name=\"twitter:data1\" content=\"3 minuts\" \/>\n<script type=\"application\/ld+json\" class=\"yoast-schema-graph\">{\"@context\":\"https:\/\/schema.org\",\"@graph\":[{\"@type\":\"WebPage\",\"@id\":\"https:\/\/webstilo.com\/mantenimiento\/\",\"url\":\"https:\/\/webstilo.com\/mantenimiento\/\",\"name\":\"Manteniment web - WebStilo.com\",\"isPartOf\":{\"@id\":\"https:\/\/webstilo.com\/#website\"},\"primaryImageOfPage\":{\"@id\":\"https:\/\/webstilo.com\/mantenimiento\/#primaryimage\"},\"image\":{\"@id\":\"https:\/\/webstilo.com\/mantenimiento\/#primaryimage\"},\"thumbnailUrl\":\"http:\/\/webstilo.com\/wp-content\/uploads\/2016\/05\/proyectos.png\",\"datePublished\":\"2016-05-21T11:58:22+00:00\",\"dateModified\":\"2016-05-25T21:28:58+00:00\",\"description\":\"Manteniment de llocs web. Seguretat inform\u00e0tica. C\u00f2pies de seguretat. Actualitzaci\u00f3 de Wordpress, Magento i Prestashop. Gesti\u00f3 de MySQL.\",\"breadcrumb\":{\"@id\":\"https:\/\/webstilo.com\/mantenimiento\/#breadcrumb\"},\"inLanguage\":\"ca\",\"potentialAction\":[{\"@type\":\"ReadAction\",\"target\":[\"https:\/\/webstilo.com\/mantenimiento\/\"]}]},{\"@type\":\"ImageObject\",\"inLanguage\":\"ca\",\"@id\":\"https:\/\/webstilo.com\/mantenimiento\/#primaryimage\",\"url\":\"http:\/\/webstilo.com\/wp-content\/uploads\/2016\/05\/proyectos.png\",\"contentUrl\":\"http:\/\/webstilo.com\/wp-content\/uploads\/2016\/05\/proyectos.png\"},{\"@type\":\"BreadcrumbList\",\"@id\":\"https:\/\/webstilo.com\/mantenimiento\/#breadcrumb\",\"itemListElement\":[{\"@type\":\"ListItem\",\"position\":1,\"name\":\"Portada\",\"item\":\"https:\/\/webstilo.com\/\"},{\"@type\":\"ListItem\",\"position\":2,\"name\":\"Mantenimiento web\"}]},{\"@type\":\"WebSite\",\"@id\":\"https:\/\/webstilo.com\/#website\",\"url\":\"https:\/\/webstilo.com\/\",\"name\":\"WebStilo.com\",\"description\":\"Disseny i programaci\u00f3 web - e-Commerce - Manteniment web - Programaci\u00f3 a mida\",\"potentialAction\":[{\"@type\":\"SearchAction\",\"target\":{\"@type\":\"EntryPoint\",\"urlTemplate\":\"https:\/\/webstilo.com\/?s={search_term_string}\"},\"query-input\":\"required name=search_term_string\"}],\"inLanguage\":\"ca\"}]}<\/script>\n<!-- \/ Yoast SEO plugin. -->","yoast_head_json":{"title":"Manteniment web - WebStilo.com","description":"Manteniment de llocs web. Seguretat inform\u00e0tica. C\u00f2pies de seguretat. Actualitzaci\u00f3 de Wordpress, Magento i Prestashop. Gesti\u00f3 de MySQL.","robots":{"index":"index","follow":"follow","max-snippet":"max-snippet:-1","max-image-preview":"max-image-preview:large","max-video-preview":"max-video-preview:-1"},"canonical":"https:\/\/webstilo.com\/mantenimiento\/","og_locale":"ca_ES","og_type":"article","og_title":"Manteniment web - WebStilo.com","og_description":"Manteniment de llocs web. Seguretat inform\u00e0tica. C\u00f2pies de seguretat. Actualitzaci\u00f3 de Wordpress, Magento i Prestashop. Gesti\u00f3 de MySQL.","og_url":"https:\/\/webstilo.com\/mantenimiento\/","og_site_name":"WebStilo.com","article_modified_time":"2016-05-25T21:28:58+00:00","og_image":[{"url":"http:\/\/webstilo.com\/wp-content\/uploads\/2016\/05\/proyectos.png"}],"twitter_card":"summary_large_image","twitter_misc":{"Temps estimat de lectura":"3 minuts"},"schema":{"@context":"https:\/\/schema.org","@graph":[{"@type":"WebPage","@id":"https:\/\/webstilo.com\/mantenimiento\/","url":"https:\/\/webstilo.com\/mantenimiento\/","name":"Manteniment web - WebStilo.com","isPartOf":{"@id":"https:\/\/webstilo.com\/#website"},"primaryImageOfPage":{"@id":"https:\/\/webstilo.com\/mantenimiento\/#primaryimage"},"image":{"@id":"https:\/\/webstilo.com\/mantenimiento\/#primaryimage"},"thumbnailUrl":"http:\/\/webstilo.com\/wp-content\/uploads\/2016\/05\/proyectos.png","datePublished":"2016-05-21T11:58:22+00:00","dateModified":"2016-05-25T21:28:58+00:00","description":"Manteniment de llocs web. Seguretat inform\u00e0tica. C\u00f2pies de seguretat. Actualitzaci\u00f3 de Wordpress, Magento i Prestashop. Gesti\u00f3 de MySQL.","breadcrumb":{"@id":"https:\/\/webstilo.com\/mantenimiento\/#breadcrumb"},"inLanguage":"ca","potentialAction":[{"@type":"ReadAction","target":["https:\/\/webstilo.com\/mantenimiento\/"]}]},{"@type":"ImageObject","inLanguage":"ca","@id":"https:\/\/webstilo.com\/mantenimiento\/#primaryimage","url":"http:\/\/webstilo.com\/wp-content\/uploads\/2016\/05\/proyectos.png","contentUrl":"http:\/\/webstilo.com\/wp-content\/uploads\/2016\/05\/proyectos.png"},{"@type":"BreadcrumbList","@id":"https:\/\/webstilo.com\/mantenimiento\/#breadcrumb","itemListElement":[{"@type":"ListItem","position":1,"name":"Portada","item":"https:\/\/webstilo.com\/"},{"@type":"ListItem","position":2,"name":"Mantenimiento web"}]},{"@type":"WebSite","@id":"https:\/\/webstilo.com\/#website","url":"https:\/\/webstilo.com\/","name":"WebStilo.com","description":"Disseny i programaci\u00f3 web - e-Commerce - Manteniment web - Programaci\u00f3 a mida","potentialAction":[{"@type":"SearchAction","target":{"@type":"EntryPoint","urlTemplate":"https:\/\/webstilo.com\/?s={search_term_string}"},"query-input":"required name=search_term_string"}],"inLanguage":"ca"}]}},"_links":{"self":[{"href":"https:\/\/webstilo.com\/ca\/wp-json\/wp\/v2\/pages\/212"}],"collection":[{"href":"https:\/\/webstilo.com\/ca\/wp-json\/wp\/v2\/pages"}],"about":[{"href":"https:\/\/webstilo.com\/ca\/wp-json\/wp\/v2\/types\/page"}],"author":[{"embeddable":true,"href":"https:\/\/webstilo.com\/ca\/wp-json\/wp\/v2\/users\/1"}],"replies":[{"embeddable":true,"href":"https:\/\/webstilo.com\/ca\/wp-json\/wp\/v2\/comments?post=212"}],"version-history":[{"count":39,"href":"https:\/\/webstilo.com\/ca\/wp-json\/wp\/v2\/pages\/212\/revisions"}],"predecessor-version":[{"id":354,"href":"https:\/\/webstilo.com\/ca\/wp-json\/wp\/v2\/pages\/212\/revisions\/354"}],"wp:attachment":[{"href":"https:\/\/webstilo.com\/ca\/wp-json\/wp\/v2\/media?parent=212"}],"curies":[{"name":"wp","href":"https:\/\/api.w.org\/{rel}","templated":true}]}}