{"id":367,"date":"2016-05-28T23:18:35","date_gmt":"2016-05-28T23:18:35","guid":{"rendered":"http:\/\/webstilo.com\/?page_id=367"},"modified":"2016-05-30T13:34:39","modified_gmt":"2016-05-30T13:34:39","slug":"la-mejor-plataforma-una-web-una-tienda-on-line","status":"publish","type":"page","link":"https:\/\/webstilo.com\/ca\/la-mejor-plataforma-una-web-una-tienda-on-line\/","title":{"rendered":"Quina \u00e9s la millor opci\u00f3 a l&#8217;hora de fer una web o botiga on-line?"},"content":{"rendered":"<h1>Introducci\u00f3<\/h1>\n<p>Algunes webs tenen un contingut que \u00fanicament es canvia en comptades ocasions. En el cas d&#8217;una empresa, per exemple, podr\u00edem haver de canviar els n\u00fameros de tel\u00e8fon, l&#8217;adre\u00e7a o les dades de contacte d&#8217;una determinada persona que ara ja no hi \u00e9s.<br \/>\nSi els canvis seran molt puntuals, potser no valgui la pena una web <strong> autogestionada<\/strong>. Primer de tot perqu\u00e8 una web autogestionada permet modificar els <strong>continguts<\/strong> f\u00e0cilment per\u00f2 un altre t\u00edpus de canvis com ara el logotip de la web o els tel\u00e8fons de contacte que es troben a la cap\u00e7alera o el peu de la p\u00e0gina poden necessitar\u00a0alguns coneixements de programaci\u00f3 per a fer-los. Imaginem per exemple que el nostre logo abans era quadrat i ara \u00e9s allargat i resulta que si ho canviem ens desquadra totalment la cap\u00e7alera i la nostra p\u00e0gina es veu horrible &#8230;<\/p>\n<p>Igualment, si els canvis s\u00f3n molt de tant en tant, \u00e9s habitual que ning\u00fa es recordi de per on entrar ni quines credencials fer servir o pot ser que la persona que ho sabia ja ni treballi a l&#8217;empresa. En aquests casos sol ser millor trucar a l&#8217;empresa que ens va fer la web per demanar-los els canvis i de pas aprofitar per demanar-los que facin una petita revisi\u00f3. Amb el nostre contracte de <a href=\"http:\/\/webstilo.com\/ca\/mantenimiento\/\"> manteniment web<\/a>\u00a0per exemple, els nostres t\u00e8cnics fan aquests petits canvis sense cap cost per a vost\u00e8.<\/p>\n<p>Per contra si els canvis seran de forma regular, \u00e9s important que la\u00a0web sigui autogestionada i que hi hagi alguna persona amb la formaci\u00f3 m\u00ednima necess\u00e0ria per poder entrar i fer\u00a0els canvis necessaris.<\/p>\n<p>Casos t\u00edpics serien una empresa que vol mantenir informats els seus clients a trav\u00e9s de la publicaci\u00f3 de not\u00edcies relacionades amb ella\u00a0o per la necessitat de mantenir actualitzades les seves gammes de productes si aquestes poden variar molt en el temps.<\/p>\n<h1>No autogestionada<\/h1>\n<p>Si la nostra web no necessita gesti\u00f3 de continguts podem optar per fer una web &#8220;a m\u00e0&#8221; utilitzant diverses tecnologies.<br \/>\nA la part client es pot fer servir HTML4 i HTML5 juntament amb JavaScript o TypeScript i CSS. A la part servidor podem optar per diverses tecnologies com PHP, ASP o NODE.JS, sense oblidar altres recursos com ara bases de dades, encara que en un web no autogestionada pot no ser necessari.<\/p>\n<p>\u00c9s habitual utilitzar un o diversos &#8220;Frameworks&#8221; tant a la part client com en la part servidor. A la part client un dels imprescindibles \u00e9s JQuery mentre que a la part servidor hi ha una gran varietat on escollir.<\/p>\n<p>Una manera r\u00e0pida i f\u00e0cil de fer una web no autogestionada \u00e9s mitjan\u00e7ant &#8220;plantilles&#8221; que es poden trobar per Internet. Algunes d&#8217;aquestes plantilles (templates) s\u00f3n gratu\u00eftes i altres, normalment m\u00e9s elaborades, s\u00f3n de pagament. Aquestes plantilles es poden modificar canviant el logotip, els men\u00fas i els continguts. Encara que \u00e9s molt m\u00e9s senzill que fer una web des de zero, igualment s\u00f3n necessaris coneixements d&#8217;HTML i CSS i probablement tamb\u00e9 necessitem coneixements de JavaScript i PHP.<\/p>\n<p>Un problema d&#8217;aquestes plantilles \u00e9s que les fa servir molta gent i, tret que canviem molt el seu aspecte, ens podem trobar amb un munt de webs que s\u00f3n calcades a la nostra el que no d\u00f3na una bona imatge.<\/p>\n<h1>Autogestionada (CMS)<\/h1>\n<p>Una web autogestionada t\u00e9 un <strong> \u00e0rea d&#8217;administraci\u00f3<\/strong> des de la qual es poden gestionar els continguts. Aquests continguts poden ser not\u00edcies, novetats, galeries de fotos, p\u00e0gines de la nostra web o fins i tot productes o serveis.<strong><br \/>\n<\/strong>Mitjan\u00e7ant aquesta \u00e0rea d&#8217;administraci\u00f3 es poden afegir nous continguts o editar o fins i tot esborrar els ja existents. Per exemple en el cas que hem comentat de les not\u00edcies, podr\u00edem donar d&#8217;alta una nova not\u00edcia creant-la des de zero o copiant una not\u00edcia anterior. Aquesta not\u00edcia la podrem editar de forma semblant a quan editem un document amb un processador de textos, posant encap\u00e7alats, negretes o diferents tipus de lletres. Normalment tamb\u00e9 podrem afegir fotos, v\u00eddeos, arxius d&#8217;\u00e0udio, taules, enlla\u00e7os a altres p\u00e0gines, etc &#8230;<br \/>\nEl tipus de web autogestionada m\u00e9s habitual \u00e9s el que s&#8217;anomena <a href=\"https:\/\/es.wikipedia.org\/wiki\/Sistema_de_gesti%C3%B3n_de_contenidos\"> CMS <\/a> (&#8220;Content Management System&#8221; o Sistema Gestor de Continguts).<\/p>\n<p>Aquests gestors de continguts, poden estar orientats a diverses tasques, com ara blocs, f\u00f2rums, galeries de fotos, comer\u00e7 electr\u00f2nic, etc &#8230;<\/p>\n<p>Per a la majoria de webs se sol utilitzar un CMS de tipus &#8220;bloc&#8221; o &#8220;portal&#8221; integrant si cal altres CMS per apartats concrets. Un exemple t\u00edpic seria un web basat en <a href=\"https:\/\/wordpress.com\/\"> WordPress<\/a>\u00a0(un CMS de tipus bloc) al que podriem integrar uns f\u00f2rums basats en <a href=\"https : \/\/www.phpbb.com\/ \"> phpBB<\/a>\u00a0i una botiga basada en <a href=\"https:\/\/www.woothemes.com\/woocommerce\/\"> WooCommerce<\/a>.<\/p>\n<p>Si es tracta d&#8217;un lloc web especialitzat, es pot optar per plataformes menys flexibles per\u00f2 m\u00e9s espec\u00edfiques. Per exemple si l&#8217;\u00fanic que volem \u00e9s una botiga on-line hi ha diverses plataformes entre les que escollir com ara\u00a0<a href=\"https:\/\/www.prestashop.com\/\">Prestashop<\/a>\u00a0(molt usada a Espanya i Fran\u00e7a ) o <a href=\"https:\/\/magento.com\/\"> Magento<\/a>. Cada plataforma t\u00e9 els seus pros i contres i cal estudiar cada cas en profunditat.<\/p>\n<p>Aquests gestors de continguts solen ser gratu\u00efts pel que s\u00f3n la millor opci\u00f3 en la majoria dels casos encara que cal tenir en compte que la funcionalitat que ofereixen sol ser molt b\u00e0sica i cal complementar-los amb desenvolupaments realitzats per terceres persones (o empreses). Aquests desenvolupaments solen venir en forma de &#8220;plugin&#8221; que s&#8217;ha d&#8217;instal\u00b7lar i configurar juntament amb la resta del CMS. Normalment cal instal\u00b7lar bastants d&#8217;aquests connectors per a dotar a qualsevol web de funcionalitat completa. Aquests connectors solen cobrir els aspectes m\u00e9s habituals. En el cas de funcions m\u00e9s espec\u00edfiques pot ser necessari desenvolupar connectors a la mida de les nostres necessitats.<\/p>\n<h1>Aplicaci\u00f3 a mida<\/h1>\n<p>Finalment, si les nostres necessitats s\u00f3n molt concretes pot ser necessari desenvolupar una aplicaci\u00f3 a mida partint de zero o amb l&#8217;ajut d&#8217;algun o diversos frameworks.<br \/>\nLes tecnologies utilitzades en aquest cas serien semblants a les usades en les web no autogestionades, tot i que caldria afegir molt probablement bases de dades i altres recursos com cach\u00e9, CDN, etc &#8230;<\/p>\n<p>Les aplicacions a mida solen necessitar un &#8220;backoffice&#8221; en qu\u00e8 gestionar l&#8217;aplicaci\u00f3. Aquest backoffice sol comptar amb una gesti\u00f3 d&#8217;usuaris (clients, venedors, compradors, etc) i depenent del tipus d&#8217;aplicaci\u00f3, apartats espec\u00edfics per a cadascuna de les funcionalitats, com per exemple: gesti\u00f3 de comandes, articles, serveis, subscripcions, pagaments, facturaci\u00f3, comptabilitat, gr\u00e0fics, informes i un llarg etc\u00e8tera &#8230;<\/p>\n<h1>Com escollir?<\/h1>\n<p>Per a una web simple, encara que no necessitem que sigui autogestionada, es pot optar tant per una web &#8220;feta a m\u00e0&#8221; (amb plantilla o sense plantilla) com per un CMS. El principal inconvenient del CMS \u00e9s que necessita bastants m\u00e9s recursos que un web tradicional. Per exemple, la majoria de CMS necessiten una base de dades encara que nom\u00e9s vulguem emmagatzemar unes quantes p\u00e0gines de text. Aix\u00f2 fa que, per a un CMS, necessitem un &#8220;hosting&#8221; amb m\u00e9s prestacions (mem\u00f2ria, velocitat de proc\u00e9s, etc &#8230;)<br \/>\nSi necessitem una web autogestionada per continguts b\u00e0sics el millor i m\u00e9s econ\u00f2mic \u00e9s un CMS. La majoria de CMS es poden ampliar amb plugins gratu\u00efts que, per necessitats b\u00e0siques solen ser suficients.<\/p>\n<p>Si necessitem un web amb funcionalitats m\u00e9s professionals i espec\u00edfiques com una botiga on-line, un servei de cobrament per subscripci\u00f3, facturaci\u00f3, acceptar pagaments de diverses fonts, etc un CMS pot ser igualment una bona base, encara que en aquest cas podem necessitar connectors &#8220;premium&#8221; de pagament o fins i tot a mida i un bon assessorament per dimensionar la nostra plataforma d&#8217;acord amb els requisits de seguretat i fiabilitat que necessita un lloc web d&#8217;aquestes caracter\u00edstiques.<\/p>\n<p>L&#8217;aplicaci\u00f3 a mida \u00e9s l&#8217;opci\u00f3 m\u00e9s cara i nom\u00e9s \u00e9s recomanable si les anteriors opcions no compleixen amb tots els nostres requisits.<\/p>\n<p>Encara t\u00e9 dubtes? <a href=\"http:\/\/webstilo.com\/ca\/contacto\/\"> Contacti amb nosaltres <\/a><\/p>\n","protected":false},"excerpt":{"rendered":"<p>Introducci\u00f3 Algunes webs tenen un contingut que \u00fanicament es canvia en comptades ocasions. En el cas d&#8217;una empresa, per exemple, podr\u00edem haver de canviar els n\u00fameros de tel\u00e8fon, l&#8217;adre\u00e7a o les dades de contacte d&#8217;una determinada persona que ara ja no hi \u00e9s. Si els canvis seran molt puntuals, potser no valgui la pena una [&hellip;]<\/p>\n","protected":false},"author":1,"featured_media":0,"parent":0,"menu_order":0,"comment_status":"closed","ping_status":"closed","template":"","meta":{"footnotes":""},"translation":{"provider":"WPGlobus","version":"3.0.2","language":"ca","enabled_languages":["es","ca"],"languages":{"es":{"title":true,"content":true,"excerpt":false},"ca":{"title":true,"content":true,"excerpt":false}}},"yoast_head":"<!-- This site is optimized with the Yoast SEO plugin v22.6 - https:\/\/yoast.com\/wordpress\/plugins\/seo\/ -->\n<title>Quina \u00e9s la millor opci\u00f3 a l&#039;hora de fer una web o botiga on-line? - WebStilo.com<\/title>\n<meta name=\"description\" content=\"Expliquem les diverses possibilitats que hi ha a l&#039;hora de fer un web corporatiu, personal, una botiga on-line o qualsevol altre lloc web.\" \/>\n<meta name=\"robots\" content=\"index, follow, max-snippet:-1, max-image-preview:large, max-video-preview:-1\" \/>\n<link rel=\"canonical\" href=\"https:\/\/webstilo.com\/la-mejor-plataforma-una-web-una-tienda-on-line\/\" \/>\n<meta property=\"og:locale\" content=\"ca_ES\" \/>\n<meta property=\"og:type\" content=\"article\" \/>\n<meta property=\"og:title\" content=\"Quina \u00e9s la millor opci\u00f3 a l&#039;hora de fer una web o botiga on-line? - WebStilo.com\" \/>\n<meta property=\"og:description\" content=\"Expliquem les diverses possibilitats que hi ha a l&#039;hora de fer un web corporatiu, personal, una botiga on-line o qualsevol altre lloc web.\" \/>\n<meta property=\"og:url\" content=\"https:\/\/webstilo.com\/la-mejor-plataforma-una-web-una-tienda-on-line\/\" \/>\n<meta property=\"og:site_name\" content=\"WebStilo.com\" \/>\n<meta property=\"article:modified_time\" content=\"2016-05-30T13:34:39+00:00\" \/>\n<meta name=\"twitter:card\" content=\"summary_large_image\" \/>\n<meta name=\"twitter:label1\" content=\"Temps estimat de lectura\" \/>\n\t<meta name=\"twitter:data1\" content=\"13 minuts\" \/>\n<script type=\"application\/ld+json\" class=\"yoast-schema-graph\">{\"@context\":\"https:\/\/schema.org\",\"@graph\":[{\"@type\":\"WebPage\",\"@id\":\"https:\/\/webstilo.com\/la-mejor-plataforma-una-web-una-tienda-on-line\/\",\"url\":\"https:\/\/webstilo.com\/la-mejor-plataforma-una-web-una-tienda-on-line\/\",\"name\":\"Quina \u00e9s la millor opci\u00f3 a l'hora de fer una web o botiga on-line? - WebStilo.com\",\"isPartOf\":{\"@id\":\"https:\/\/webstilo.com\/#website\"},\"datePublished\":\"2016-05-28T23:18:35+00:00\",\"dateModified\":\"2016-05-30T13:34:39+00:00\",\"description\":\"Expliquem les diverses possibilitats que hi ha a l'hora de fer un web corporatiu, personal, una botiga on-line o qualsevol altre lloc web.\",\"breadcrumb\":{\"@id\":\"https:\/\/webstilo.com\/la-mejor-plataforma-una-web-una-tienda-on-line\/#breadcrumb\"},\"inLanguage\":\"ca\",\"potentialAction\":[{\"@type\":\"ReadAction\",\"target\":[\"https:\/\/webstilo.com\/la-mejor-plataforma-una-web-una-tienda-on-line\/\"]}]},{\"@type\":\"BreadcrumbList\",\"@id\":\"https:\/\/webstilo.com\/la-mejor-plataforma-una-web-una-tienda-on-line\/#breadcrumb\",\"itemListElement\":[{\"@type\":\"ListItem\",\"position\":1,\"name\":\"Portada\",\"item\":\"https:\/\/webstilo.com\/\"},{\"@type\":\"ListItem\",\"position\":2,\"name\":\"\u00bfCu\u00e1l es la mejor opci\u00f3n para hacer una web o una tienda on-line?\"}]},{\"@type\":\"WebSite\",\"@id\":\"https:\/\/webstilo.com\/#website\",\"url\":\"https:\/\/webstilo.com\/\",\"name\":\"WebStilo.com\",\"description\":\"Disseny i programaci\u00f3 web - e-Commerce - Manteniment web - Programaci\u00f3 a mida\",\"potentialAction\":[{\"@type\":\"SearchAction\",\"target\":{\"@type\":\"EntryPoint\",\"urlTemplate\":\"https:\/\/webstilo.com\/?s={search_term_string}\"},\"query-input\":\"required name=search_term_string\"}],\"inLanguage\":\"ca\"}]}<\/script>\n<!-- \/ Yoast SEO plugin. -->","yoast_head_json":{"title":"Quina \u00e9s la millor opci\u00f3 a l'hora de fer una web o botiga on-line? - WebStilo.com","description":"Expliquem les diverses possibilitats que hi ha a l'hora de fer un web corporatiu, personal, una botiga on-line o qualsevol altre lloc web.","robots":{"index":"index","follow":"follow","max-snippet":"max-snippet:-1","max-image-preview":"max-image-preview:large","max-video-preview":"max-video-preview:-1"},"canonical":"https:\/\/webstilo.com\/la-mejor-plataforma-una-web-una-tienda-on-line\/","og_locale":"ca_ES","og_type":"article","og_title":"Quina \u00e9s la millor opci\u00f3 a l'hora de fer una web o botiga on-line? - WebStilo.com","og_description":"Expliquem les diverses possibilitats que hi ha a l'hora de fer un web corporatiu, personal, una botiga on-line o qualsevol altre lloc web.","og_url":"https:\/\/webstilo.com\/la-mejor-plataforma-una-web-una-tienda-on-line\/","og_site_name":"WebStilo.com","article_modified_time":"2016-05-30T13:34:39+00:00","twitter_card":"summary_large_image","twitter_misc":{"Temps estimat de lectura":"13 minuts"},"schema":{"@context":"https:\/\/schema.org","@graph":[{"@type":"WebPage","@id":"https:\/\/webstilo.com\/la-mejor-plataforma-una-web-una-tienda-on-line\/","url":"https:\/\/webstilo.com\/la-mejor-plataforma-una-web-una-tienda-on-line\/","name":"Quina \u00e9s la millor opci\u00f3 a l'hora de fer una web o botiga on-line? - WebStilo.com","isPartOf":{"@id":"https:\/\/webstilo.com\/#website"},"datePublished":"2016-05-28T23:18:35+00:00","dateModified":"2016-05-30T13:34:39+00:00","description":"Expliquem les diverses possibilitats que hi ha a l'hora de fer un web corporatiu, personal, una botiga on-line o qualsevol altre lloc web.","breadcrumb":{"@id":"https:\/\/webstilo.com\/la-mejor-plataforma-una-web-una-tienda-on-line\/#breadcrumb"},"inLanguage":"ca","potentialAction":[{"@type":"ReadAction","target":["https:\/\/webstilo.com\/la-mejor-plataforma-una-web-una-tienda-on-line\/"]}]},{"@type":"BreadcrumbList","@id":"https:\/\/webstilo.com\/la-mejor-plataforma-una-web-una-tienda-on-line\/#breadcrumb","itemListElement":[{"@type":"ListItem","position":1,"name":"Portada","item":"https:\/\/webstilo.com\/"},{"@type":"ListItem","position":2,"name":"\u00bfCu\u00e1l es la mejor opci\u00f3n para hacer una web o una tienda on-line?"}]},{"@type":"WebSite","@id":"https:\/\/webstilo.com\/#website","url":"https:\/\/webstilo.com\/","name":"WebStilo.com","description":"Disseny i programaci\u00f3 web - e-Commerce - Manteniment web - Programaci\u00f3 a mida","potentialAction":[{"@type":"SearchAction","target":{"@type":"EntryPoint","urlTemplate":"https:\/\/webstilo.com\/?s={search_term_string}"},"query-input":"required name=search_term_string"}],"inLanguage":"ca"}]}},"_links":{"self":[{"href":"https:\/\/webstilo.com\/ca\/wp-json\/wp\/v2\/pages\/367"}],"collection":[{"href":"https:\/\/webstilo.com\/ca\/wp-json\/wp\/v2\/pages"}],"about":[{"href":"https:\/\/webstilo.com\/ca\/wp-json\/wp\/v2\/types\/page"}],"author":[{"embeddable":true,"href":"https:\/\/webstilo.com\/ca\/wp-json\/wp\/v2\/users\/1"}],"replies":[{"embeddable":true,"href":"https:\/\/webstilo.com\/ca\/wp-json\/wp\/v2\/comments?post=367"}],"version-history":[{"count":32,"href":"https:\/\/webstilo.com\/ca\/wp-json\/wp\/v2\/pages\/367\/revisions"}],"predecessor-version":[{"id":412,"href":"https:\/\/webstilo.com\/ca\/wp-json\/wp\/v2\/pages\/367\/revisions\/412"}],"wp:attachment":[{"href":"https:\/\/webstilo.com\/ca\/wp-json\/wp\/v2\/media?parent=367"}],"curies":[{"name":"wp","href":"https:\/\/api.w.org\/{rel}","templated":true}]}}